{"id":375,"date":"2022-04-14T08:42:54","date_gmt":"2022-04-14T08:42:54","guid":{"rendered":"http:\/\/proconceptiles.com\/aviso-legal\/"},"modified":"2022-05-31T08:45:18","modified_gmt":"2022-05-31T08:45:18","slug":"legal-notice","status":"publish","type":"page","link":"https:\/\/proconceptiles.com\/en\/legal-notice\/","title":{"rendered":"Legal Notice"},"content":{"rendered":"\n<p>COPYRIGHT<\/p>\n\n\n\n<p>Proconcept es una marca registrada propiedad de Saniceramic Group.<\/p>\n\n\n\n<p>Quedan prohibidos, conforme a la legislaci\u00f3n vigente, la reproducci\u00f3n total o parcial de esta publicaci\u00f3n por cualquier medio o procedimiento, el tratamiento inform\u00e1tico o cualquier forma de cesi\u00f3n de la misma sin autorizaci\u00f3n previa y por escrito de los titulares del copyright.<\/p>\n\n\n\n<p>Todas las im\u00e1genes y el contenido de esta p\u00e1gina web son propiedad de Saniceramic Group.<\/p>\n\n\n\n<p>Saniceramic Group se reserva todos los derechos y, en particular, los de reproducci\u00f3n, distribuci\u00f3n, comunicaci\u00f3n p\u00fablica y transformaci\u00f3n, incluso parcial.<\/p>\n\n\n\n<p>\u00a9 2022 Saniceramic Group. Todos los derechos reservados.<\/p>\n\n\n\n<p>AVISO LEGAL<\/p>\n\n\n\n<p>DATOS IDENTIFICATIVOS (Ley 34\/2002, de 11 de julio, de servicios de la sociedad de la informaci\u00f3n y de comercio electr\u00f3nico)<\/p>\n\n\n\n<p>Identidad del responsable. SANICERAMIC IMPORT AND EXPORT, S.L. (B96152004)<\/p>\n\n\n\n<p>Direcci\u00f3n f\u00edsica. CRTA. ALCORA KM 7,5 \u2013 12130 SANT JOAN DE MOR\u00d3 (CASTELL\u00d3N)<\/p>\n\n\n\n<p>Correo electr\u00f3nico. comunicacion@proconceptiles.com<\/p>\n\n\n\n<p>Tel\u00e9fono. 964626309<\/p>\n\n\n\n<p>USO DE LA WEB<\/p>\n\n\n\n<p>LA EMPRESA proporciona el acceso a multitud de informaciones y servicios pertenecientes a LA EMPRESA qui\u00e9n asume la responsabilidad del uso de la web. Dicha responsabilidad se extiende a los registros que fuese necesario para acceder a determinados servicios o contenidos. En dichos registros el usuario ser\u00e1 responsable de aportar informaci\u00f3n veraz y l\u00edcita. El usuario se compromete a hacer un uso adecuado de los contenidos y servicios que LA EMPRESA ofrece a trav\u00e9s de su web. LA EMPRESA se reserva el derecho de retirar todos aquellos comentarios y aportaciones que vulneren el respeto a la dignidad de la persona, que sean discriminatorios, xen\u00f3fobos, racistas, pornogr\u00e1ficos, que atenten contra la juventud o la infancia, el orden o la seguridad p\u00fablica o que, a su juicio, no resultaran adecuados para su publicaci\u00f3n por no estar relacionados con el objetivo. En cualquier caso, LA EMPRESA como administrador de su web, actuar\u00e1 diligentemente nada m\u00e1s tenga conocimiento de actos cometidos en contra de las presentes Condiciones de Uso o de su Pol\u00edtica de Privacidad.<\/p>\n\n\n\n<p>POL\u00cdTICA DE ENLACES<\/p>\n\n\n\n<p>Los sitios web enlazados no est\u00e1n controlados por LA EMPRESA y por ello no se hace responsable de los contenidos de ning\u00fan sitio enlazado ni de ning\u00fan enlace que se encuentre en cualquier sitio web enlazado, ni de ning\u00fan cambio o actualizaci\u00f3n de tales sitios web. LA EMPRESA s\u00f3lo le est\u00e1 proporcionando estos enlaces a usted para su comodidad, y la inclusi\u00f3n de cualquier enlace no implica la aprobaci\u00f3n del sitio web por LA EMPRESA.<\/p>\n\n\n\n<p>DERECHOS DE PROPIEDAD INTELECTUAL<\/p>\n\n\n\n<p>LA EMPRESA por s\u00ed o como cesionaria, es titular de todos los derechos de propiedad intelectual e industrial de su p\u00e1gina web, as\u00ed como de los elementos contenidos en la misma (a t\u00edtulo enunciativo, im\u00e1genes, sonido, audio, v\u00eddeo, software o textos; marcas o logotipos, combinaciones de colores, estructura y dise\u00f1o, selecci\u00f3n de materiales usados, programas de ordenador necesarios para su funcionamiento, acceso y uso, etc.). Todos los derechos reservados. En virtud de lo dispuesto en los art\u00edculos 8 y 32.1, p\u00e1rrafo segundo, del Real Decreto Legislativo 1\/1996, de 12 de abril, por el que se aprueba el texto refundido de la Ley de Propiedad Intelectual, regularizando, aclarando y armonizando las disposiciones legales vigentes sobre la materia, quedan expresamente prohibidas la reproducci\u00f3n, la distribuci\u00f3n y la comunicaci\u00f3n p\u00fablica, incluida su modalidad de puesta a disposici\u00f3n, de la totalidad o parte de los contenidos de esta p\u00e1gina web, con fines comerciales, en cualquier soporte y por cualquier medio t\u00e9cnico, sin la autorizaci\u00f3n de LA EMPRESA. El usuario se compromete a respetar los derechos de Propiedad Intelectual e Industrial titularidad de su titularidad.<\/p>\n\n\n\n<p>Todos los contenidos publicados en el sitio web y especialmente los dise\u00f1os, textos, im\u00e1genes, v\u00eddeos, gr\u00e1ficos, logos, iconos, botones, as\u00ed como los nombres comerciales, las marcas o dibujos y cualquier otro signo susceptible de utilizaci\u00f3n industrial y comercial est\u00e1n sujetos a derechos de propiedad intelectual e industrial de LA EMPRESA. En ning\u00fan caso se entender\u00e1 que se concede licencia alguna o se efect\u00faa renuncia, transmisi\u00f3n, cesi\u00f3n total o parcial de dichos derechos ni se confiere ning\u00fan derecho ni expectativa de derecho, y en especial, de alteraci\u00f3n, explotaci\u00f3n, reproducci\u00f3n, distribuci\u00f3n o comunicaci\u00f3n p\u00fablica sobre dichos contenidos sin la previa autorizaci\u00f3n expresa de LA EMPRESA.<\/p>\n\n\n\n<p>LIMITACI\u00d3N DE RESPONSABILIDADES<\/p>\n\n\n\n<p>LA EMPRESA responder\u00e1 de los da\u00f1os y perjuicios que el usuario pueda sufrir como consecuencia de la utilizaci\u00f3n del sitio web cuando dichos da\u00f1os sean directamente imputables a una actuaci\u00f3n incorrecta de esta entidad, habiendo probado que no ha cumplido las exigencias y requisitos legales y reglamentariamente establecidos. Es responsabilidad del usuario adoptar todas las medidas t\u00e9cnicas adecuadas para controlar razonablemente los riesgos de la navegaci\u00f3n abierta por Internet y evitar da\u00f1os en sus equipos, p\u00e9rdida de datos y robo de informaci\u00f3n confidencial. LA EMPRESA no se hace responsable de los perjuicios que se pudieran derivar de interferencias, omisiones, interrupciones, virus inform\u00e1ticos, aver\u00edas y\/o desconexiones en el funcionamiento operativo de este sitio web o en los aparatos y equipos inform\u00e1ticos de los usuarios, motivadas por causas ajenas a LA EMPRESA, que impidan o retrasen la prestaci\u00f3n de los servicios o la navegaci\u00f3n por el sitio web, ni de los retrasos o bloqueos en el uso causados por deficiencias o sobrecargas de Internet o en otros sistemas, ni de la imposibilidad de dar el servicio o permitir el acceso por causas no imputables a LA EMPRESA debidas al usuario, a terceros, o a supuestos de fuerza mayor. LA EMPRESA no ser\u00e1 responsable si no tiene conocimiento efectivo de que la actividad o la informaci\u00f3n a la que remite o recomienda a trav\u00e9s de sus enlaces es il\u00edcita o de que lesiona bienes o derechos de un tercero susceptibles de indemnizaci\u00f3n, o si lo tiene, act\u00faa con diligencia para suprimir o inutilizar el enlace o la informaci\u00f3n correspondiente.<\/p>\n\n\n\n<p>SEGURIDAD DE LA WEB<\/p>\n\n\n\n<p>La web utiliza t\u00e9cnicas de seguridad de la informaci\u00f3n com\u00fanmente aceptadas en la industria, tales como firewalls, procedimientos de control de acceso, comunicaciones seguras o mecanismos criptogr\u00e1ficos, entre otros, todo ello con el objeto de prevenir y reducir los incidentes de seguridad sobre los datos (confidencialidad, integridad y disponibilidad). Para lograr estos fines, el usuario acepta que el prestador obtenga datos para efectos de la correspondiente autenticaci\u00f3n de los controles de acceso y la prestaci\u00f3n de los servicios que deben ejecutarse para el uso de la web.<\/p>\n\n\n\n<p>La seguridad online tambi\u00e9n se establece a trav\u00e9s de los par\u00e1metros de configuraci\u00f3n de los diferentes navegadores web, por lo que se recomienda encarecidamente su consulta.<\/p>\n\n\n\n<p>JURISDICCI\u00d3N Y LEYES APLICABLES<\/p>\n\n\n\n<p>La ley aplicable a las presentes condiciones ser\u00e1 la Ley Espa\u00f1ola. Para las controversias que pudieren surgir con ocasi\u00f3n de las presentes condiciones, las partes, con renuncia de su fuero propio, se someten expresamente a los Juzgados y Tribunales del domicilio que se indica en los DATOS IDENTIFICATIVOS.<\/p>\n\n\n\n<p>MODIFICACI\u00d3N DE LAS CONDICIONES DE USO<\/p>\n\n\n\n<p>Eventualmente, estas Condiciones de Uso pueden ser revisadas con el fin de actualizar los cambios en la legislaci\u00f3n vigente, actualizar nuestros procedimientos de recogida y uso de la informaci\u00f3n, la aparici\u00f3n de nuevos servicios o la exclusi\u00f3n de otros. Estos cambios ser\u00e1n vigentes a partir de su publicaci\u00f3n en la web, por lo que es importante que revises regularmente estas Condiciones de Uso con el fin de permanecer informado sobre los cambios habidos.<\/p>\n","protected":false},"excerpt":{"rendered":"<p>COPYRIGHT Proconcept es una marca registrada propiedad de Saniceramic Group. Quedan prohibidos, conforme a la legislaci\u00f3n vigente, la reproducci\u00f3n total o parcial de esta publicaci\u00f3n por cualquier medio o procedimiento, el tratamiento inform\u00e1tico o cualquier forma de cesi\u00f3n de la misma sin autorizaci\u00f3n previa y por escrito de los titulares del copyright. Todas las im\u00e1genes [&hellip;]<\/p>\n","protected":false},"author":1,"featured_media":0,"parent":0,"menu_order":0,"comment_status":"closed","ping_status":"closed","template":"legal.php","meta":{"_acf_changed":false,"inline_featured_image":false,"footnotes":""},"class_list":["post-375","page","type-page","status-publish","hentry"],"acf":[],"yoast_head":"<!-- This site is optimized with the Yoast SEO plugin v27.3 - https:\/\/yoast.com\/product\/yoast-seo-wordpress\/ -->\n<title>Legal Notice - Proconcept<\/title>\n<meta name=\"robots\" content=\"index, follow, max-snippet:-1, max-image-preview:large, max-video-preview:-1\" \/>\n<link rel=\"canonical\" href=\"https:\/\/proconceptiles.com\/en\/legal-notice\/\" \/>\n<meta property=\"og:locale\" content=\"en_US\" \/>\n<meta property=\"og:type\" content=\"article\" \/>\n<meta property=\"og:title\" content=\"Legal Notice - Proconcept\" \/>\n<meta property=\"og:description\" content=\"COPYRIGHT Proconcept es una marca registrada propiedad de Saniceramic Group. Quedan prohibidos, conforme a la legislaci\u00f3n vigente, la reproducci\u00f3n total o parcial de esta publicaci\u00f3n por cualquier medio o procedimiento, el tratamiento inform\u00e1tico o cualquier forma de cesi\u00f3n de la misma sin autorizaci\u00f3n previa y por escrito de los titulares del copyright. Todas las im\u00e1genes [&hellip;]\" \/>\n<meta property=\"og:url\" content=\"https:\/\/proconceptiles.com\/en\/legal-notice\/\" \/>\n<meta property=\"og:site_name\" content=\"Proconcept\" \/>\n<meta property=\"article:modified_time\" content=\"2022-05-31T08:45:18+00:00\" \/>\n<meta name=\"twitter:card\" content=\"summary_large_image\" \/>\n<meta name=\"twitter:label1\" content=\"Est. reading time\" \/>\n\t<meta name=\"twitter:data1\" content=\"6 minutes\" \/>\n<script type=\"application\/ld+json\" class=\"yoast-schema-graph\">{\"@context\":\"https:\\\/\\\/schema.org\",\"@graph\":[{\"@type\":\"WebPage\",\"@id\":\"https:\\\/\\\/proconceptiles.com\\\/en\\\/legal-notice\\\/\",\"url\":\"https:\\\/\\\/proconceptiles.com\\\/en\\\/legal-notice\\\/\",\"name\":\"Legal Notice - Proconcept\",\"isPartOf\":{\"@id\":\"https:\\\/\\\/proconceptiles.com\\\/#website\"},\"datePublished\":\"2022-04-14T08:42:54+00:00\",\"dateModified\":\"2022-05-31T08:45:18+00:00\",\"breadcrumb\":{\"@id\":\"https:\\\/\\\/proconceptiles.com\\\/en\\\/legal-notice\\\/#breadcrumb\"},\"inLanguage\":\"en-US\",\"potentialAction\":[{\"@type\":\"ReadAction\",\"target\":[\"https:\\\/\\\/proconceptiles.com\\\/en\\\/legal-notice\\\/\"]}]},{\"@type\":\"BreadcrumbList\",\"@id\":\"https:\\\/\\\/proconceptiles.com\\\/en\\\/legal-notice\\\/#breadcrumb\",\"itemListElement\":[{\"@type\":\"ListItem\",\"position\":1,\"name\":\"Portada\",\"item\":\"https:\\\/\\\/proconceptiles.com\\\/en\\\/\"},{\"@type\":\"ListItem\",\"position\":2,\"name\":\"Legal Notice\"}]},{\"@type\":\"WebSite\",\"@id\":\"https:\\\/\\\/proconceptiles.com\\\/#website\",\"url\":\"https:\\\/\\\/proconceptiles.com\\\/\",\"name\":\"Proconcept\",\"description\":\"Otro sitio realizado con WordPress\",\"potentialAction\":[{\"@type\":\"SearchAction\",\"target\":{\"@type\":\"EntryPoint\",\"urlTemplate\":\"https:\\\/\\\/proconceptiles.com\\\/?s={search_term_string}\"},\"query-input\":{\"@type\":\"PropertyValueSpecification\",\"valueRequired\":true,\"valueName\":\"search_term_string\"}}],\"inLanguage\":\"en-US\"}]}<\/script>\n<!-- \/ Yoast SEO plugin. -->","yoast_head_json":{"title":"Legal Notice - Proconcept","robots":{"index":"index","follow":"follow","max-snippet":"max-snippet:-1","max-image-preview":"max-image-preview:large","max-video-preview":"max-video-preview:-1"},"canonical":"https:\/\/proconceptiles.com\/en\/legal-notice\/","og_locale":"en_US","og_type":"article","og_title":"Legal Notice - Proconcept","og_description":"COPYRIGHT Proconcept es una marca registrada propiedad de Saniceramic Group. Quedan prohibidos, conforme a la legislaci\u00f3n vigente, la reproducci\u00f3n total o parcial de esta publicaci\u00f3n por cualquier medio o procedimiento, el tratamiento inform\u00e1tico o cualquier forma de cesi\u00f3n de la misma sin autorizaci\u00f3n previa y por escrito de los titulares del copyright. Todas las im\u00e1genes [&hellip;]","og_url":"https:\/\/proconceptiles.com\/en\/legal-notice\/","og_site_name":"Proconcept","article_modified_time":"2022-05-31T08:45:18+00:00","twitter_card":"summary_large_image","twitter_misc":{"Est. reading time":"6 minutes"},"schema":{"@context":"https:\/\/schema.org","@graph":[{"@type":"WebPage","@id":"https:\/\/proconceptiles.com\/en\/legal-notice\/","url":"https:\/\/proconceptiles.com\/en\/legal-notice\/","name":"Legal Notice - Proconcept","isPartOf":{"@id":"https:\/\/proconceptiles.com\/#website"},"datePublished":"2022-04-14T08:42:54+00:00","dateModified":"2022-05-31T08:45:18+00:00","breadcrumb":{"@id":"https:\/\/proconceptiles.com\/en\/legal-notice\/#breadcrumb"},"inLanguage":"en-US","potentialAction":[{"@type":"ReadAction","target":["https:\/\/proconceptiles.com\/en\/legal-notice\/"]}]},{"@type":"BreadcrumbList","@id":"https:\/\/proconceptiles.com\/en\/legal-notice\/#breadcrumb","itemListElement":[{"@type":"ListItem","position":1,"name":"Portada","item":"https:\/\/proconceptiles.com\/en\/"},{"@type":"ListItem","position":2,"name":"Legal Notice"}]},{"@type":"WebSite","@id":"https:\/\/proconceptiles.com\/#website","url":"https:\/\/proconceptiles.com\/","name":"Proconcept","description":"Otro sitio realizado con WordPress","potentialAction":[{"@type":"SearchAction","target":{"@type":"EntryPoint","urlTemplate":"https:\/\/proconceptiles.com\/?s={search_term_string}"},"query-input":{"@type":"PropertyValueSpecification","valueRequired":true,"valueName":"search_term_string"}}],"inLanguage":"en-US"}]}},"_links":{"self":[{"href":"https:\/\/proconceptiles.com\/en\/wp-json\/wp\/v2\/pages\/375","targetHints":{"allow":["GET"]}}],"collection":[{"href":"https:\/\/proconceptiles.com\/en\/wp-json\/wp\/v2\/pages"}],"about":[{"href":"https:\/\/proconceptiles.com\/en\/wp-json\/wp\/v2\/types\/page"}],"author":[{"embeddable":true,"href":"https:\/\/proconceptiles.com\/en\/wp-json\/wp\/v2\/users\/1"}],"replies":[{"embeddable":true,"href":"https:\/\/proconceptiles.com\/en\/wp-json\/wp\/v2\/comments?post=375"}],"version-history":[{"count":1,"href":"https:\/\/proconceptiles.com\/en\/wp-json\/wp\/v2\/pages\/375\/revisions"}],"predecessor-version":[{"id":598,"href":"https:\/\/proconceptiles.com\/en\/wp-json\/wp\/v2\/pages\/375\/revisions\/598"}],"wp:attachment":[{"href":"https:\/\/proconceptiles.com\/en\/wp-json\/wp\/v2\/media?parent=375"}],"curies":[{"name":"wp","href":"https:\/\/api.w.org\/{rel}","templated":true}]}}