{"id":380,"date":"2022-04-14T08:43:48","date_gmt":"2022-04-14T08:43:48","guid":{"rendered":"http:\/\/proconceptiles.com\/politica-de-privacidad-de-datos\/"},"modified":"2022-06-16T08:00:03","modified_gmt":"2022-06-16T08:00:03","slug":"politica-de-privacidad-de-datos","status":"publish","type":"page","link":"https:\/\/proconceptiles.com\/fr\/politica-de-privacidad-de-datos\/","title":{"rendered":"Politique de confidentialit\u00e9"},"content":{"rendered":"\n<p><strong>\u00bfQUI\u00c9N ES EL RESPONSABLE DEL TRATAMIENTO?<\/strong><\/p>\n\n\n\n<ul class=\"wp-block-list\"><li>Identidad del responsable. SANICERAMIC IMPORT AND EXPORT, S.L<\/li><li>CIF. B96152004<\/li><li>Direcci\u00f3n f\u00edsica. CARRETERA CASTELLON-ALCORA KM 7,5<\/li><li>Correo electr\u00f3nico. &nbsp;<a href=\"mailto:comunicacion@proconceptiles.com\">comunicacion@proconceptiles.com<\/a><\/li><li>Tel\u00e9fono.&nbsp; 964 626 309<\/li><\/ul>\n\n\n\n<p><strong>\u00bfQU\u00c9 DATOS PERSONALES TRATAMOS?<\/strong><\/p>\n\n\n\n<p>En el marco de los distintos tratamientos de actividades realizadas en la organizaci\u00f3n, se recaban los siguiente tipos:<\/p>\n\n\n\n<ul class=\"wp-block-list\"><li><strong>Datos de car\u00e1cter identificativos.<\/strong><\/li><\/ul>\n\n\n\n<p><strong>\u00bfCON QU\u00c9 FINALIDAD Y CASOS ESPEC\u00cdFICOS CON QUE TRATAMOS LOS DATOS PERSONALES?<\/strong><\/p>\n\n\n\n<p>En www.proconceptiles.com se tratan los datos personales con las siguientes finalidades:<\/p>\n\n\n\n<ul class=\"wp-block-list\"><li><strong>Newletter:<\/strong> Enviar informaci\u00f3n a trav\u00e9s de los medios proporcionados acerca de las novedades, noticias, productos y servicios relacionados con nosotros o nuestro sector.<\/li><li><strong>Contacto:<\/strong> responder a las solicitudes de informaci\u00f3n recibidas sobre los productos y servicios que se ofrecen, as\u00ed como dar respuesta a cualquier otro tipo de pregunta que env\u00eden los usuarios.<\/li><\/ul>\n\n\n\n<p>Con los datos personales recabados no se elaborar\u00e1n perfiles ni se realizar\u00e1n decisiones automatizadas.<\/p>\n\n\n\n<p><strong>\u00bfCU\u00c1L ES LA LEGITIMACI\u00d3N PARA EL TRATAMIENTO DE LOS DATOS?<\/strong><\/p>\n\n\n\n<p>En la organizaci\u00f3n se pueden tratar informaci\u00f3n de car\u00e1cter personal para:<\/p>\n\n\n\n<ul class=\"wp-block-list\"><li><strong>Consentimiento: <\/strong>Al acceder a nuestra web y rellenar los formularios o enviarnos datos a trav\u00e9s de los medios de contacto electr\u00f3nicos indicados, aceptas esta Pol\u00edtica de Privacidad. Es por ello, que nos basamos en el consentimiento del usuario para el tratamiento de sus datos. Adicionalmente, te informamos que s\u00f3lo usaremos la informaci\u00f3n de car\u00e1cter personal en virtud de esta Pol\u00edtica de Privacidad y, con car\u00e1cter general, solicitaremos tu consentimiento para usos con fines distintos de aqu\u00e9llos para los cuales los otorgaste inicialmente. Finalmente, te informamos que puedes retirar el consentimiento en cualquier momento, solo tendr\u00e1s que ponerte en contacto con nosotros a trav\u00e9s de los medios indicados en esta pol\u00edtica de privacidad.<\/li><\/ul>\n\n\n\n<p>Para la respuesta a las solicitudes, el interesado deber\u00e1 proporcionar la informaci\u00f3n m\u00ednima solicitada. En caso contrato, no podr\u00e1n ser atendidas.<\/p>\n\n\n\n<p><strong>\u00bfDURANTE CU\u00c1NTO TRATAMOS LOS DATOS PERSONALES?<\/strong><\/p>\n\n\n\n<p>En www.proconceptiles.com se tratan los datos personales durante los siguientes plazos:<\/p>\n\n\n\n<ul class=\"wp-block-list\"><li>El periodo establecido por la ley<\/li><li>El per\u00edodo necesario para cumplir con las obligaciones operativas<\/li><\/ul>\n\n\n\n<p>Se conservar\u00e1n los datos durante el tiempo necesario para cumplir con la finalidad para la que se recabaron y para determinar las posibles responsabilidades que se pudieran derivar de dicha finalidad y del tratamiento de los datos, conforme las normativas anteriormente expuestas, adem\u00e1s de los periodos establecidos en la normativa de archivos y documentaci\u00f3n que sea de aplicaci\u00f3n.<\/p>\n\n\n\n<p><strong>\u00bfCON QUI\u00c9N COMPARTIMOS LOS DATOS PERSONALES?<\/strong><\/p>\n\n\n\n<p>Para cumplir las finalidades anteriormente descritas, se puede compartir datos personales con:<\/p>\n\n\n\n<p>Proveedores de servicios que realizan servicios a nuestro nombre<\/p>\n\n\n\n<p>informamos que, con car\u00e1cter general, no se realizan transferencias internacionales fuera del Espacio Econ\u00f3mico Europeo (EEE). En el caso de que se produjera una transferencia de datos fuera del EEE, LA ORGANIZACI\u00d3N dispondr\u00e1 de las garant\u00edas adecuadas para realizar dicha transferencia, en virtud de los requerimientos que establece el Reglamento General de Protecci\u00f3n de Datos<\/p>\n\n\n\n<p><strong>\u00bfQU\u00c9 DERECHOS PUEDES EJERCER?<\/strong><\/p>\n\n\n\n<p>Seg\u00fan la normativa europea los derechos que le asisten son los siguientes:<\/p>\n\n\n\n<ul class=\"wp-block-list\"><li><strong>Acceso,<\/strong> derecho a solicitar informaci\u00f3n al responsable de un fichero sobre si sus datos personales est\u00e1n siendo tratados.<\/li><li><strong>Rectificaci\u00f3n,<\/strong> derecho que permite a la persona afectada solicitar la modificaci\u00f3n de datos que sean inexactos o incompletos.<\/li><li><strong>Oposici\u00f3n,<\/strong> derecho de una persona a oponerse al tratamiento de sus datos personales o el cese de \u00e9stos.<\/li><li><strong>Decisiones individuales automatizadas<\/strong>, derecho a no ser objeto de una decisi\u00f3n basada \u00fanicamente en el tratamiento automatizado, incluida la elaboraci\u00f3n de perfiles, que produzca efectos jur\u00eddicos en \u00e9l o le afecte significativamente de modo similar<\/li><li><strong>Limitaci\u00f3n,<\/strong> derecho a suspender el tratamiento de los datos personales del usuario en determinados supuestos<\/li><li><strong>Supresi\u00f3n u Olvido<\/strong>, derecho a supresi\u00f3n de los datos personales del interesado<\/li><li><strong>Portabilidad,<\/strong> derecho a solicitar al responsable del tratamiento que se le faciliten los datos personales en un formato estructurado y claro a otro responsable.<\/li><\/ul>\n\n\n\n<p>El plazo m\u00e1ximo para la resoluci\u00f3n de la solicitud es de 30 d\u00edas desde su recepci\u00f3n, puede prorrogarse como m\u00e1ximo por un plazo de 2 meses siempre que sea necesario.<\/p>\n\n\n\n<p>El solicitante puede ejercer sus derechos a trav\u00e9s de los siguientes medios:&nbsp;<\/p>\n\n\n\n<ul class=\"wp-block-list\"><li>Email a <a href=\"mailto:comunicacion@proconceptiles.com\">comunicacion@proconceptiles.com<\/a> aportando documentaci\u00f3n que acredite la identidad del solicitante (copia del anverso del Documento Nacional de Identidad, o equivalente)<\/li><li>Correo postal a CARRETERA CASTELLON-ALCORA KM 7,5 aportando documentaci\u00f3n que acredite la identidad del solicitante (copia del anverso del Documento Nacional de Identidad, o equivalente)<\/li><li>En cualquier caso, puede solicitar la tutela de la Agencia Espa\u00f1ola de Protecci\u00f3n de Datos a trav\u00e9s de su <a href=\"http:\/\/www.aepd.es\">p\u00e1gina web<\/a><\/li><\/ul>\n\n\n\n<p><strong>CAMBIOS EN ESTA POLITICA DE PRIVACIDAD<\/strong><\/p>\n\n\n\n<p>Eventualmente, esta Pol\u00edtica de Privacidad puede ser revisada con el fin de actualizar los cambios en la legislaci\u00f3n vigente, actualizar los procedimientos de recogida y uso de la informaci\u00f3n de car\u00e1cter personal, la aparici\u00f3n de nuevos servicios o la exclusi\u00f3n de otros. Estos cambios ser\u00e1n vigentes a partir de su publicaci\u00f3n en la web, por lo que es importante que revises regularmente esta Pol\u00edtica de Privacidad con el fin de permanecer informado sobre los cambios habidos.<\/p>\n","protected":false},"excerpt":{"rendered":"<p>\u00bfQUI\u00c9N ES EL RESPONSABLE DEL TRATAMIENTO? Identidad del responsable. SANICERAMIC IMPORT AND EXPORT, S.L CIF. B96152004 Direcci\u00f3n f\u00edsica. CARRETERA CASTELLON-ALCORA KM 7,5 Correo electr\u00f3nico. &nbsp;comunicacion@proconceptiles.com Tel\u00e9fono.&nbsp; 964 626 309 \u00bfQU\u00c9 DATOS PERSONALES TRATAMOS? En el marco de los distintos tratamientos de actividades realizadas en la organizaci\u00f3n, se recaban los siguiente tipos: Datos de car\u00e1cter identificativos. [&hellip;]<\/p>\n","protected":false},"author":1,"featured_media":0,"parent":0,"menu_order":0,"comment_status":"closed","ping_status":"closed","template":"legal.php","meta":{"_acf_changed":false,"inline_featured_image":false,"footnotes":""},"class_list":["post-380","page","type-page","status-publish","hentry"],"acf":[],"yoast_head":"<!-- This site is optimized with the Yoast SEO plugin v27.3 - https:\/\/yoast.com\/product\/yoast-seo-wordpress\/ -->\n<title>Politique de confidentialit\u00e9 - Proconcept<\/title>\n<meta name=\"robots\" content=\"index, follow, max-snippet:-1, max-image-preview:large, max-video-preview:-1\" \/>\n<link rel=\"canonical\" href=\"https:\/\/proconceptiles.com\/fr\/politica-de-privacidad-de-datos\/\" \/>\n<meta property=\"og:locale\" content=\"fr_FR\" \/>\n<meta property=\"og:type\" content=\"article\" \/>\n<meta property=\"og:title\" content=\"Politique de confidentialit\u00e9 - Proconcept\" \/>\n<meta property=\"og:description\" content=\"\u00bfQUI\u00c9N ES EL RESPONSABLE DEL TRATAMIENTO? Identidad del responsable. SANICERAMIC IMPORT AND EXPORT, S.L CIF. B96152004 Direcci\u00f3n f\u00edsica. CARRETERA CASTELLON-ALCORA KM 7,5 Correo electr\u00f3nico. &nbsp;comunicacion@proconceptiles.com Tel\u00e9fono.&nbsp; 964 626 309 \u00bfQU\u00c9 DATOS PERSONALES TRATAMOS? En el marco de los distintos tratamientos de actividades realizadas en la organizaci\u00f3n, se recaban los siguiente tipos: Datos de car\u00e1cter identificativos. [&hellip;]\" \/>\n<meta property=\"og:url\" content=\"https:\/\/proconceptiles.com\/fr\/politica-de-privacidad-de-datos\/\" \/>\n<meta property=\"og:site_name\" content=\"Proconcept\" \/>\n<meta property=\"article:modified_time\" content=\"2022-06-16T08:00:03+00:00\" \/>\n<meta name=\"twitter:card\" content=\"summary_large_image\" \/>\n<meta name=\"twitter:label1\" content=\"Dur\u00e9e de lecture estim\u00e9e\" \/>\n\t<meta name=\"twitter:data1\" content=\"4 minutes\" \/>\n<script type=\"application\/ld+json\" class=\"yoast-schema-graph\">{\"@context\":\"https:\\\/\\\/schema.org\",\"@graph\":[{\"@type\":\"WebPage\",\"@id\":\"https:\\\/\\\/proconceptiles.com\\\/fr\\\/politica-de-privacidad-de-datos\\\/\",\"url\":\"https:\\\/\\\/proconceptiles.com\\\/fr\\\/politica-de-privacidad-de-datos\\\/\",\"name\":\"Politique de confidentialit\u00e9 - Proconcept\",\"isPartOf\":{\"@id\":\"https:\\\/\\\/proconceptiles.com\\\/#website\"},\"datePublished\":\"2022-04-14T08:43:48+00:00\",\"dateModified\":\"2022-06-16T08:00:03+00:00\",\"breadcrumb\":{\"@id\":\"https:\\\/\\\/proconceptiles.com\\\/fr\\\/politica-de-privacidad-de-datos\\\/#breadcrumb\"},\"inLanguage\":\"fr-FR\",\"potentialAction\":[{\"@type\":\"ReadAction\",\"target\":[\"https:\\\/\\\/proconceptiles.com\\\/fr\\\/politica-de-privacidad-de-datos\\\/\"]}]},{\"@type\":\"BreadcrumbList\",\"@id\":\"https:\\\/\\\/proconceptiles.com\\\/fr\\\/politica-de-privacidad-de-datos\\\/#breadcrumb\",\"itemListElement\":[{\"@type\":\"ListItem\",\"position\":1,\"name\":\"Portada\",\"item\":\"https:\\\/\\\/proconceptiles.com\\\/fr\\\/\"},{\"@type\":\"ListItem\",\"position\":2,\"name\":\"Politique de confidentialit\u00e9\"}]},{\"@type\":\"WebSite\",\"@id\":\"https:\\\/\\\/proconceptiles.com\\\/#website\",\"url\":\"https:\\\/\\\/proconceptiles.com\\\/\",\"name\":\"Proconcept\",\"description\":\"Otro sitio realizado con WordPress\",\"potentialAction\":[{\"@type\":\"SearchAction\",\"target\":{\"@type\":\"EntryPoint\",\"urlTemplate\":\"https:\\\/\\\/proconceptiles.com\\\/?s={search_term_string}\"},\"query-input\":{\"@type\":\"PropertyValueSpecification\",\"valueRequired\":true,\"valueName\":\"search_term_string\"}}],\"inLanguage\":\"fr-FR\"}]}<\/script>\n<!-- \/ Yoast SEO plugin. -->","yoast_head_json":{"title":"Politique de confidentialit\u00e9 - Proconcept","robots":{"index":"index","follow":"follow","max-snippet":"max-snippet:-1","max-image-preview":"max-image-preview:large","max-video-preview":"max-video-preview:-1"},"canonical":"https:\/\/proconceptiles.com\/fr\/politica-de-privacidad-de-datos\/","og_locale":"fr_FR","og_type":"article","og_title":"Politique de confidentialit\u00e9 - Proconcept","og_description":"\u00bfQUI\u00c9N ES EL RESPONSABLE DEL TRATAMIENTO? Identidad del responsable. SANICERAMIC IMPORT AND EXPORT, S.L CIF. B96152004 Direcci\u00f3n f\u00edsica. CARRETERA CASTELLON-ALCORA KM 7,5 Correo electr\u00f3nico. &nbsp;comunicacion@proconceptiles.com Tel\u00e9fono.&nbsp; 964 626 309 \u00bfQU\u00c9 DATOS PERSONALES TRATAMOS? En el marco de los distintos tratamientos de actividades realizadas en la organizaci\u00f3n, se recaban los siguiente tipos: Datos de car\u00e1cter identificativos. [&hellip;]","og_url":"https:\/\/proconceptiles.com\/fr\/politica-de-privacidad-de-datos\/","og_site_name":"Proconcept","article_modified_time":"2022-06-16T08:00:03+00:00","twitter_card":"summary_large_image","twitter_misc":{"Dur\u00e9e de lecture estim\u00e9e":"4 minutes"},"schema":{"@context":"https:\/\/schema.org","@graph":[{"@type":"WebPage","@id":"https:\/\/proconceptiles.com\/fr\/politica-de-privacidad-de-datos\/","url":"https:\/\/proconceptiles.com\/fr\/politica-de-privacidad-de-datos\/","name":"Politique de confidentialit\u00e9 - Proconcept","isPartOf":{"@id":"https:\/\/proconceptiles.com\/#website"},"datePublished":"2022-04-14T08:43:48+00:00","dateModified":"2022-06-16T08:00:03+00:00","breadcrumb":{"@id":"https:\/\/proconceptiles.com\/fr\/politica-de-privacidad-de-datos\/#breadcrumb"},"inLanguage":"fr-FR","potentialAction":[{"@type":"ReadAction","target":["https:\/\/proconceptiles.com\/fr\/politica-de-privacidad-de-datos\/"]}]},{"@type":"BreadcrumbList","@id":"https:\/\/proconceptiles.com\/fr\/politica-de-privacidad-de-datos\/#breadcrumb","itemListElement":[{"@type":"ListItem","position":1,"name":"Portada","item":"https:\/\/proconceptiles.com\/fr\/"},{"@type":"ListItem","position":2,"name":"Politique de confidentialit\u00e9"}]},{"@type":"WebSite","@id":"https:\/\/proconceptiles.com\/#website","url":"https:\/\/proconceptiles.com\/","name":"Proconcept","description":"Otro sitio realizado con WordPress","potentialAction":[{"@type":"SearchAction","target":{"@type":"EntryPoint","urlTemplate":"https:\/\/proconceptiles.com\/?s={search_term_string}"},"query-input":{"@type":"PropertyValueSpecification","valueRequired":true,"valueName":"search_term_string"}}],"inLanguage":"fr-FR"}]}},"_links":{"self":[{"href":"https:\/\/proconceptiles.com\/fr\/wp-json\/wp\/v2\/pages\/380","targetHints":{"allow":["GET"]}}],"collection":[{"href":"https:\/\/proconceptiles.com\/fr\/wp-json\/wp\/v2\/pages"}],"about":[{"href":"https:\/\/proconceptiles.com\/fr\/wp-json\/wp\/v2\/types\/page"}],"author":[{"embeddable":true,"href":"https:\/\/proconceptiles.com\/fr\/wp-json\/wp\/v2\/users\/1"}],"replies":[{"embeddable":true,"href":"https:\/\/proconceptiles.com\/fr\/wp-json\/wp\/v2\/comments?post=380"}],"version-history":[{"count":1,"href":"https:\/\/proconceptiles.com\/fr\/wp-json\/wp\/v2\/pages\/380\/revisions"}],"predecessor-version":[{"id":645,"href":"https:\/\/proconceptiles.com\/fr\/wp-json\/wp\/v2\/pages\/380\/revisions\/645"}],"wp:attachment":[{"href":"https:\/\/proconceptiles.com\/fr\/wp-json\/wp\/v2\/media?parent=380"}],"curies":[{"name":"wp","href":"https:\/\/api.w.org\/{rel}","templated":true}]}}